{"id":3383,"date":"2022-05-12T09:45:48","date_gmt":"2022-05-12T09:45:48","guid":{"rendered":"https:\/\/aquabar.com.mk\/?post_type=product&#038;p=3383"},"modified":"2024-12-13T10:32:45","modified_gmt":"2024-12-13T10:32:45","slug":"aparat-za-topla-ladna-voda-model-akvarius","status":"publish","type":"product","link":"https:\/\/aquabar.com.mk\/sq\/product\/aparat-za-topla-ladna-voda-model-akvarius\/","title":{"rendered":"Pajisja me uj\u00eb t\u00eb ngroht\u00eb\/t\u00eb ftoht\u00eb, Model AQUARIUS"},"content":{"rendered":"<ul>\n<li>Pajisja e kompresorit<\/li>\n<li>P\u00ebrmasat: 990 x 310 x 330 mm<\/li>\n<li>Pesha: 15 kg<\/li>\n<li>Ngjyra: e bardh\u00eb<\/li>\n<li>Tensioni: 220 V \/ 50\/60 Hz<\/li>\n<li>Nxeht\u00ebsia 90 \u00b0 C, 7 litra n\u00eb or\u00eb<\/li>\n<li>Uji i ftoht\u00eb: 5-10\u00b0C, 2.5L n\u00eb or\u00eb<\/li>\n<li>Ftoh\u00ebsi: P600A<\/li>\n<li>Garancia: 24 muaj n\u00eb kompresor p\u00ebr klient\u00ebt tan\u00eb<\/li>\n<li>Origjina: Poloni - BE<\/li>\n<\/ul>","protected":false},"excerpt":{"rendered":"<p><strong>\u0441\u043e \u0441\u0435\u043a\u043e\u0458 \u043a\u0443\u043f\u0435\u043d \u0434\u0438\u0441\u043f\u0435\u043d\u0437\u0435\u0440 \u0433\u0440\u0430\u0442\u0438\u0441 1x10l \u0413\u043e\u0440\u0441\u043a\u0430 \u0432\u043e\u0434\u0430<\/strong><\/p>\n<p>\u0426\u0435\u043d\u0430\u0442\u0430 \u0435 \u0441\u043e \u0432\u043a\u043b\u0443\u0447\u0435\u043d\u043e \u0414\u0414\u0412.<\/p>","protected":false},"featured_media":4074,"comment_status":"open","ping_status":"closed","template":"","meta":[],"product_cat":[273],"product_tag":[],"class_list":["post-3383","product","type-product","status-publish","has-post-thumbnail","hentry","product_cat-273"],"acf":[],"aioseo_notices":[],"yoast_head":"<!-- This site is optimized with the Yoast SEO Premium plugin v18.2.1 (Yoast SEO v19.2) - https:\/\/yoast.com\/wordpress\/plugins\/seo\/ -->\n<title>\u0410\u043f\u0430\u0440\u0430\u0442 \u0437\u0430 \u0442\u043e\u043f\u043b\u0430\/\u043b\u0430\u0434\u043d\u0430 \u0432\u043e\u0434\u0430, \u041c\u043e\u0434\u0435\u043b \u0410\u041a\u0412\u0410\u0420\u0418\u0423\u0421 - Aqua Bar<\/title>\n<meta name=\"description\" content=\"\u0410\u043f\u0430\u0440\u0430\u0442 \u0437\u0430 \u0442\u043e\u043f\u043b\u0430\/\u043b\u0430\u0434\u043d\u0430 \u0432\u043e\u0434\u0430, \u041c\u043e\u0434\u0435\u043b \u0410\u043a\u0432\u0430\u0440\u0438\u0443\u0441 \u0435 \u043a\u043e\u043c\u043f\u0440\u0435\u0441\u043e\u0440\u0441\u043a\u0438 \u0443\u0440\u0435\u0434 \u0441\u043e \u0434\u0438\u043c\u0435\u043d\u0437\u0438\u0438: 990\u0445310\u0445330\u043c\u043c, \u0433\u0430\u0440\u0430\u043d\u0446\u0438\u0458\u0430:\u00a024 \u043c\u0435\u0441\u0435\u0446\u0438 \u0438 \u0435 \u0441\u043e \u043f\u043e\u0442\u0435\u043a\u043b\u043e \u0434\u043e \u041f\u043e\u043b\u0441\u043a\u0430-\u0415\u0423.\" \/>\n<meta name=\"robots\" content=\"index, follow, max-snippet:-1, max-image-preview:large, max-video-preview:-1\" \/>\n<link rel=\"canonical\" href=\"https:\/\/aquabar.com.mk\/sq\/product\/aparat-za-topla-ladna-voda-model-akvarius\/\" \/>\n<meta property=\"og:locale\" content=\"sq_AL\" \/>\n<meta property=\"og:type\" content=\"article\" \/>\n<meta property=\"og:title\" content=\"\u0410\u043f\u0430\u0440\u0430\u0442 \u0437\u0430 \u0442\u043e\u043f\u043b\u0430\/\u043b\u0430\u0434\u043d\u0430 \u0432\u043e\u0434\u0430, \u041c\u043e\u0434\u0435\u043b \u0410\u041a\u0412\u0410\u0420\u0418\u0423\u0421\" \/>\n<meta property=\"og:description\" content=\"\u0410\u043f\u0430\u0440\u0430\u0442 \u0437\u0430 \u0442\u043e\u043f\u043b\u0430\/\u043b\u0430\u0434\u043d\u0430 \u0432\u043e\u0434\u0430, \u041c\u043e\u0434\u0435\u043b \u0410\u043a\u0432\u0430\u0440\u0438\u0443\u0441 \u0435 \u043a\u043e\u043c\u043f\u0440\u0435\u0441\u043e\u0440\u0441\u043a\u0438 \u0443\u0440\u0435\u0434 \u0441\u043e \u0434\u0438\u043c\u0435\u043d\u0437\u0438\u0438: 990\u0445310\u0445330\u043c\u043c, \u0433\u0430\u0440\u0430\u043d\u0446\u0438\u0458\u0430:\u00a024 \u043c\u0435\u0441\u0435\u0446\u0438 \u0438 \u0435 \u0441\u043e \u043f\u043e\u0442\u0435\u043a\u043b\u043e \u0434\u043e \u041f\u043e\u043b\u0441\u043a\u0430-\u0415\u0423.\" \/>\n<meta property=\"og:url\" content=\"https:\/\/aquabar.com.mk\/sq\/product\/aparat-za-topla-ladna-voda-model-akvarius\/\" \/>\n<meta property=\"og:site_name\" content=\"Aqua Bar\" \/>\n<meta property=\"article:publisher\" content=\"https:\/\/www.facebook.com\/Aqua-Bar-509325025779542\" \/>\n<meta property=\"article:modified_time\" content=\"2024-12-13T10:32:45+00:00\" \/>\n<meta property=\"og:image\" content=\"https:\/\/aquabar.com.mk\/wp-content\/uploads\/2022\/05\/Untitled-12.png\" \/>\n\t<meta property=\"og:image:width\" content=\"400\" \/>\n\t<meta property=\"og:image:height\" content=\"400\" \/>\n\t<meta property=\"og:image:type\" content=\"image\/png\" \/>\n<meta name=\"author\" content=\"aqua\" \/>\n<meta name=\"twitter:card\" content=\"summary_large_image\" \/>\n<meta name=\"twitter:label1\" content=\"Price\" \/>\n\t<meta name=\"twitter:data1\" content=\"14,000&#x434;&#x435;&#x43d; 11,999&#x434;&#x435;&#x43d;\" \/>\n\t<meta name=\"twitter:label2\" content=\"Availability\" \/>\n\t<meta name=\"twitter:data2\" content=\"Out of stock\" \/>\n<script type=\"application\/ld+json\" class=\"yoast-schema-graph\">{\"@context\":\"https:\/\/schema.org\",\"@graph\":[{\"@type\":[\"Organization\",\"Place\"],\"@id\":\"https:\/\/aquabar.com.mk\/#organization\",\"name\":\"AquaBar\",\"url\":\"https:\/\/aquabar.com.mk\/\",\"sameAs\":[\"https:\/\/www.instagram.com\/aquabar.skopje\/\",\"https:\/\/www.linkedin.com\/in\/aqua-bar-236513242\/\",\"https:\/\/www.facebook.com\/Aqua-Bar-509325025779542\"],\"logo\":{\"@id\":\"https:\/\/aquabar.com.mk\/product\/aparat-za-topla-ladna-voda-model-akvarius\/#local-main-organization-logo\"},\"image\":{\"@id\":\"https:\/\/aquabar.com.mk\/product\/aparat-za-topla-ladna-voda-model-akvarius\/#local-main-organization-logo\"},\"address\":{\"@id\":\"https:\/\/aquabar.com.mk\/product\/aparat-za-topla-ladna-voda-model-akvarius\/#local-main-place-address\"},\"openingHoursSpecification\":[{\"@type\":\"OpeningHoursSpecification\",\"dayOfWeek\":[\"Monday\",\"Tuesday\",\"Wednesday\",\"Thursday\",\"Friday\",\"Saturday\"],\"opens\":\"08:00\",\"closes\":\"16:00\"},{\"@type\":\"OpeningHoursSpecification\",\"dayOfWeek\":[\"Sunday\"],\"opens\":\"00:00\",\"closes\":\"00:00\"}]},{\"@type\":\"WebSite\",\"@id\":\"https:\/\/aquabar.com.mk\/#website\",\"url\":\"https:\/\/aquabar.com.mk\/\",\"name\":\"Aqua Bar\",\"description\":\"\",\"publisher\":{\"@id\":\"https:\/\/aquabar.com.mk\/#organization\"},\"potentialAction\":[{\"@type\":\"SearchAction\",\"target\":{\"@type\":\"EntryPoint\",\"urlTemplate\":\"https:\/\/aquabar.com.mk\/?s={search_term_string}\"},\"query-input\":\"required name=search_term_string\"}],\"inLanguage\":\"sq\"},{\"@type\":\"ImageObject\",\"inLanguage\":\"sq\",\"@id\":\"https:\/\/aquabar.com.mk\/product\/aparat-za-topla-ladna-voda-model-akvarius\/#primaryimage\",\"url\":\"https:\/\/aquabar.com.mk\/wp-content\/uploads\/2022\/05\/Untitled-12.png\",\"contentUrl\":\"https:\/\/aquabar.com.mk\/wp-content\/uploads\/2022\/05\/Untitled-12.png\",\"width\":400,\"height\":400},{\"@type\":\"WebPage\",\"@id\":\"https:\/\/aquabar.com.mk\/product\/aparat-za-topla-ladna-voda-model-akvarius\/#webpage\",\"url\":\"https:\/\/aquabar.com.mk\/product\/aparat-za-topla-ladna-voda-model-akvarius\/\",\"name\":\"\u0410\u043f\u0430\u0440\u0430\u0442 \u0437\u0430 \u0442\u043e\u043f\u043b\u0430\/\u043b\u0430\u0434\u043d\u0430 \u0432\u043e\u0434\u0430, \u041c\u043e\u0434\u0435\u043b \u0410\u041a\u0412\u0410\u0420\u0418\u0423\u0421 - Aqua Bar\",\"isPartOf\":{\"@id\":\"https:\/\/aquabar.com.mk\/#website\"},\"primaryImageOfPage\":{\"@id\":\"https:\/\/aquabar.com.mk\/product\/aparat-za-topla-ladna-voda-model-akvarius\/#primaryimage\"},\"datePublished\":\"2022-05-12T09:45:48+00:00\",\"dateModified\":\"2024-12-13T10:32:45+00:00\",\"description\":\"\u0410\u043f\u0430\u0440\u0430\u0442 \u0437\u0430 \u0442\u043e\u043f\u043b\u0430\/\u043b\u0430\u0434\u043d\u0430 \u0432\u043e\u0434\u0430, \u041c\u043e\u0434\u0435\u043b \u0410\u043a\u0432\u0430\u0440\u0438\u0443\u0441 \u0435 \u043a\u043e\u043c\u043f\u0440\u0435\u0441\u043e\u0440\u0441\u043a\u0438 \u0443\u0440\u0435\u0434 \u0441\u043e \u0434\u0438\u043c\u0435\u043d\u0437\u0438\u0438: 990\u0445310\u0445330\u043c\u043c, \u0433\u0430\u0440\u0430\u043d\u0446\u0438\u0458\u0430:\u00a024 \u043c\u0435\u0441\u0435\u0446\u0438 \u0438 \u0435 \u0441\u043e \u043f\u043e\u0442\u0435\u043a\u043b\u043e \u0434\u043e \u041f\u043e\u043b\u0441\u043a\u0430-\u0415\u0423.\",\"breadcrumb\":{\"@id\":\"https:\/\/aquabar.com.mk\/product\/aparat-za-topla-ladna-voda-model-akvarius\/#breadcrumb\"},\"inLanguage\":\"sq\",\"potentialAction\":[{\"@type\":\"ReadAction\",\"target\":[\"https:\/\/aquabar.com.mk\/product\/aparat-za-topla-ladna-voda-model-akvarius\/\"]}]},{\"@type\":\"BreadcrumbList\",\"@id\":\"https:\/\/aquabar.com.mk\/product\/aparat-za-topla-ladna-voda-model-akvarius\/#breadcrumb\",\"itemListElement\":[{\"@type\":\"ListItem\",\"position\":1,\"name\":\"Home\",\"item\":\"https:\/\/aquabar.com.mk\/\"},{\"@type\":\"ListItem\",\"position\":2,\"name\":\"\u041f\u0440\u043e\u0434\u0430\u0432\u043d\u0438\u0446\u0430\",\"item\":\"https:\/\/aquabar.com.mk\/prodavnica\/\"},{\"@type\":\"ListItem\",\"position\":3,\"name\":\"\u0410\u043f\u0430\u0440\u0430\u0442 \u0437\u0430 \u0442\u043e\u043f\u043b\u0430\/\u043b\u0430\u0434\u043d\u0430 \u0432\u043e\u0434\u0430, \u041c\u043e\u0434\u0435\u043b \u0410\u041a\u0412\u0410\u0420\u0418\u0423\u0421\"}]},{\"@type\":\"PostalAddress\",\"@id\":\"https:\/\/aquabar.com.mk\/product\/aparat-za-topla-ladna-voda-model-akvarius\/#local-main-place-address\",\"streetAddress\":\"\u0423\u043b. \u0411\u043b\u0430\u0433\u043e\u0458\u0430 \u0421\u0442\u0435\u0444\u043a\u043e\u0432\u0441\u043a\u0438 \u0431\u0440.40\",\"addressLocality\":\"Skopje\",\"postalCode\":\"1000\",\"addressCountry\":\"MK\"},{\"@type\":\"ImageObject\",\"inLanguage\":\"sq\",\"@id\":\"https:\/\/aquabar.com.mk\/product\/aparat-za-topla-ladna-voda-model-akvarius\/#local-main-organization-logo\",\"url\":\"https:\/\/aquabar.com.mk\/wp-content\/uploads\/2022\/06\/Untitled-3.png\",\"contentUrl\":\"https:\/\/aquabar.com.mk\/wp-content\/uploads\/2022\/06\/Untitled-3.png\",\"width\":400,\"height\":400,\"caption\":\"AquaBar\"}]}<\/script>\n<meta property=\"product:price:amount\" content=\"11999\" \/>\n<meta property=\"product:price:currency\" content=\"MKD\" \/>\n<meta property=\"og:availability\" content=\"out of stock\" \/>\n<meta property=\"product:availability\" content=\"out of stock\" \/>\n<meta property=\"product:condition\" content=\"new\" \/>\n<meta name=\"geo.placename\" content=\"Skopje\" \/>\n<meta name=\"geo.region\" content=\"Macedonia\" \/>\n<!-- \/ Yoast SEO Premium plugin. -->","yoast_head_json":{"title":"\u0410\u043f\u0430\u0440\u0430\u0442 \u0437\u0430 \u0442\u043e\u043f\u043b\u0430\/\u043b\u0430\u0434\u043d\u0430 \u0432\u043e\u0434\u0430, \u041c\u043e\u0434\u0435\u043b \u0410\u041a\u0412\u0410\u0420\u0418\u0423\u0421 - Aqua Bar","description":"\u0410\u043f\u0430\u0440\u0430\u0442 \u0437\u0430 \u0442\u043e\u043f\u043b\u0430\/\u043b\u0430\u0434\u043d\u0430 \u0432\u043e\u0434\u0430, \u041c\u043e\u0434\u0435\u043b \u0410\u043a\u0432\u0430\u0440\u0438\u0443\u0441 \u0435 \u043a\u043e\u043c\u043f\u0440\u0435\u0441\u043e\u0440\u0441\u043a\u0438 \u0443\u0440\u0435\u0434 \u0441\u043e \u0434\u0438\u043c\u0435\u043d\u0437\u0438\u0438: 990\u0445310\u0445330\u043c\u043c, \u0433\u0430\u0440\u0430\u043d\u0446\u0438\u0458\u0430:\u00a024 \u043c\u0435\u0441\u0435\u0446\u0438 \u0438 \u0435 \u0441\u043e \u043f\u043e\u0442\u0435\u043a\u043b\u043e \u0434\u043e \u041f\u043e\u043b\u0441\u043a\u0430-\u0415\u0423.","robots":{"index":"index","follow":"follow","max-snippet":"max-snippet:-1","max-image-preview":"max-image-preview:large","max-video-preview":"max-video-preview:-1"},"canonical":"https:\/\/aquabar.com.mk\/sq\/product\/aparat-za-topla-ladna-voda-model-akvarius\/","og_locale":"sq_AL","og_type":"article","og_title":"\u0410\u043f\u0430\u0440\u0430\u0442 \u0437\u0430 \u0442\u043e\u043f\u043b\u0430\/\u043b\u0430\u0434\u043d\u0430 \u0432\u043e\u0434\u0430, \u041c\u043e\u0434\u0435\u043b \u0410\u041a\u0412\u0410\u0420\u0418\u0423\u0421","og_description":"\u0410\u043f\u0430\u0440\u0430\u0442 \u0437\u0430 \u0442\u043e\u043f\u043b\u0430\/\u043b\u0430\u0434\u043d\u0430 \u0432\u043e\u0434\u0430, \u041c\u043e\u0434\u0435\u043b \u0410\u043a\u0432\u0430\u0440\u0438\u0443\u0441 \u0435 \u043a\u043e\u043c\u043f\u0440\u0435\u0441\u043e\u0440\u0441\u043a\u0438 \u0443\u0440\u0435\u0434 \u0441\u043e \u0434\u0438\u043c\u0435\u043d\u0437\u0438\u0438: 990\u0445310\u0445330\u043c\u043c, \u0433\u0430\u0440\u0430\u043d\u0446\u0438\u0458\u0430:\u00a024 \u043c\u0435\u0441\u0435\u0446\u0438 \u0438 \u0435 \u0441\u043e \u043f\u043e\u0442\u0435\u043a\u043b\u043e \u0434\u043e \u041f\u043e\u043b\u0441\u043a\u0430-\u0415\u0423.","og_url":"https:\/\/aquabar.com.mk\/sq\/product\/aparat-za-topla-ladna-voda-model-akvarius\/","og_site_name":"Aqua Bar","article_publisher":"https:\/\/www.facebook.com\/Aqua-Bar-509325025779542","article_modified_time":"2024-12-13T10:32:45+00:00","og_image":[{"width":400,"height":400,"url":"https:\/\/aquabar.com.mk\/wp-content\/uploads\/2022\/05\/Untitled-12.png","type":"image\/png"}],"author":"aqua","twitter_card":"summary_large_image","twitter_misc":{"Price":"14,000&#x434;&#x435;&#x43d; 11,999&#x434;&#x435;&#x43d;","Availability":"Out of stock"},"schema":{"@context":"https:\/\/schema.org","@graph":[{"@type":["Organization","Place"],"@id":"https:\/\/aquabar.com.mk\/#organization","name":"AquaBar","url":"https:\/\/aquabar.com.mk\/","sameAs":["https:\/\/www.instagram.com\/aquabar.skopje\/","https:\/\/www.linkedin.com\/in\/aqua-bar-236513242\/","https:\/\/www.facebook.com\/Aqua-Bar-509325025779542"],"logo":{"@id":"https:\/\/aquabar.com.mk\/product\/aparat-za-topla-ladna-voda-model-akvarius\/#local-main-organization-logo"},"image":{"@id":"https:\/\/aquabar.com.mk\/product\/aparat-za-topla-ladna-voda-model-akvarius\/#local-main-organization-logo"},"address":{"@id":"https:\/\/aquabar.com.mk\/product\/aparat-za-topla-ladna-voda-model-akvarius\/#local-main-place-address"},"openingHoursSpecification":[{"@type":"OpeningHoursSpecification","dayOfWeek":["Monday","Tuesday","Wednesday","Thursday","Friday","Saturday"],"opens":"08:00","closes":"16:00"},{"@type":"OpeningHoursSpecification","dayOfWeek":["Sunday"],"opens":"00:00","closes":"00:00"}]},{"@type":"WebSite","@id":"https:\/\/aquabar.com.mk\/#website","url":"https:\/\/aquabar.com.mk\/","name":"Aqua Bar","description":"","publisher":{"@id":"https:\/\/aquabar.com.mk\/#organization"},"potentialAction":[{"@type":"SearchAction","target":{"@type":"EntryPoint","urlTemplate":"https:\/\/aquabar.com.mk\/?s={search_term_string}"},"query-input":"required name=search_term_string"}],"inLanguage":"sq"},{"@type":"ImageObject","inLanguage":"sq","@id":"https:\/\/aquabar.com.mk\/product\/aparat-za-topla-ladna-voda-model-akvarius\/#primaryimage","url":"https:\/\/aquabar.com.mk\/wp-content\/uploads\/2022\/05\/Untitled-12.png","contentUrl":"https:\/\/aquabar.com.mk\/wp-content\/uploads\/2022\/05\/Untitled-12.png","width":400,"height":400},{"@type":"WebPage","@id":"https:\/\/aquabar.com.mk\/product\/aparat-za-topla-ladna-voda-model-akvarius\/#webpage","url":"https:\/\/aquabar.com.mk\/product\/aparat-za-topla-ladna-voda-model-akvarius\/","name":"\u0410\u043f\u0430\u0440\u0430\u0442 \u0437\u0430 \u0442\u043e\u043f\u043b\u0430\/\u043b\u0430\u0434\u043d\u0430 \u0432\u043e\u0434\u0430, \u041c\u043e\u0434\u0435\u043b \u0410\u041a\u0412\u0410\u0420\u0418\u0423\u0421 - Aqua Bar","isPartOf":{"@id":"https:\/\/aquabar.com.mk\/#website"},"primaryImageOfPage":{"@id":"https:\/\/aquabar.com.mk\/product\/aparat-za-topla-ladna-voda-model-akvarius\/#primaryimage"},"datePublished":"2022-05-12T09:45:48+00:00","dateModified":"2024-12-13T10:32:45+00:00","description":"\u0410\u043f\u0430\u0440\u0430\u0442 \u0437\u0430 \u0442\u043e\u043f\u043b\u0430\/\u043b\u0430\u0434\u043d\u0430 \u0432\u043e\u0434\u0430, \u041c\u043e\u0434\u0435\u043b \u0410\u043a\u0432\u0430\u0440\u0438\u0443\u0441 \u0435 \u043a\u043e\u043c\u043f\u0440\u0435\u0441\u043e\u0440\u0441\u043a\u0438 \u0443\u0440\u0435\u0434 \u0441\u043e \u0434\u0438\u043c\u0435\u043d\u0437\u0438\u0438: 990\u0445310\u0445330\u043c\u043c, \u0433\u0430\u0440\u0430\u043d\u0446\u0438\u0458\u0430:\u00a024 \u043c\u0435\u0441\u0435\u0446\u0438 \u0438 \u0435 \u0441\u043e \u043f\u043e\u0442\u0435\u043a\u043b\u043e \u0434\u043e \u041f\u043e\u043b\u0441\u043a\u0430-\u0415\u0423.","breadcrumb":{"@id":"https:\/\/aquabar.com.mk\/product\/aparat-za-topla-ladna-voda-model-akvarius\/#breadcrumb"},"inLanguage":"sq","potentialAction":[{"@type":"ReadAction","target":["https:\/\/aquabar.com.mk\/product\/aparat-za-topla-ladna-voda-model-akvarius\/"]}]},{"@type":"BreadcrumbList","@id":"https:\/\/aquabar.com.mk\/product\/aparat-za-topla-ladna-voda-model-akvarius\/#breadcrumb","itemListElement":[{"@type":"ListItem","position":1,"name":"Home","item":"https:\/\/aquabar.com.mk\/"},{"@type":"ListItem","position":2,"name":"\u041f\u0440\u043e\u0434\u0430\u0432\u043d\u0438\u0446\u0430","item":"https:\/\/aquabar.com.mk\/prodavnica\/"},{"@type":"ListItem","position":3,"name":"\u0410\u043f\u0430\u0440\u0430\u0442 \u0437\u0430 \u0442\u043e\u043f\u043b\u0430\/\u043b\u0430\u0434\u043d\u0430 \u0432\u043e\u0434\u0430, \u041c\u043e\u0434\u0435\u043b \u0410\u041a\u0412\u0410\u0420\u0418\u0423\u0421"}]},{"@type":"PostalAddress","@id":"https:\/\/aquabar.com.mk\/product\/aparat-za-topla-ladna-voda-model-akvarius\/#local-main-place-address","streetAddress":"\u0423\u043b. \u0411\u043b\u0430\u0433\u043e\u0458\u0430 \u0421\u0442\u0435\u0444\u043a\u043e\u0432\u0441\u043a\u0438 \u0431\u0440.40","addressLocality":"Skopje","postalCode":"1000","addressCountry":"MK"},{"@type":"ImageObject","inLanguage":"sq","@id":"https:\/\/aquabar.com.mk\/product\/aparat-za-topla-ladna-voda-model-akvarius\/#local-main-organization-logo","url":"https:\/\/aquabar.com.mk\/wp-content\/uploads\/2022\/06\/Untitled-3.png","contentUrl":"https:\/\/aquabar.com.mk\/wp-content\/uploads\/2022\/06\/Untitled-3.png","width":400,"height":400,"caption":"AquaBar"}]},"product_price_amount":"11999","product_price_currency":"MKD","og_availability":"out of stock","product_availability":"out of stock","product_condition":"new","geo.placename":"Skopje","geo.region":"Macedonia"},"_links":{"self":[{"href":"https:\/\/aquabar.com.mk\/sq\/wp-json\/wp\/v2\/product\/3383","targetHints":{"allow":["GET"]}}],"collection":[{"href":"https:\/\/aquabar.com.mk\/sq\/wp-json\/wp\/v2\/product"}],"about":[{"href":"https:\/\/aquabar.com.mk\/sq\/wp-json\/wp\/v2\/types\/product"}],"replies":[{"embeddable":true,"href":"https:\/\/aquabar.com.mk\/sq\/wp-json\/wp\/v2\/comments?post=3383"}],"wp:featuredmedia":[{"embeddable":true,"href":"https:\/\/aquabar.com.mk\/sq\/wp-json\/wp\/v2\/media\/4074"}],"wp:attachment":[{"href":"https:\/\/aquabar.com.mk\/sq\/wp-json\/wp\/v2\/media?parent=3383"}],"wp:term":[{"taxonomy":"product_cat","embeddable":true,"href":"https:\/\/aquabar.com.mk\/sq\/wp-json\/wp\/v2\/product_cat?post=3383"},{"taxonomy":"product_tag","embeddable":true,"href":"https:\/\/aquabar.com.mk\/sq\/wp-json\/wp\/v2\/product_tag?post=3383"}],"curies":[{"name":"wp","href":"https:\/\/api.w.org\/{rel}","templated":true}]}}