{"id":25,"date":"2017-05-17T20:05:52","date_gmt":"2017-05-17T20:05:52","guid":{"rendered":"https:\/\/aquabar.com.mk\/?page_id=25"},"modified":"2023-12-12T14:44:44","modified_gmt":"2023-12-12T14:44:44","slug":"%d0%ba%d0%be%d0%bd%d1%82%d0%b0%d0%ba%d1%82%d0%b8%d1%80%d0%b0%d1%98-%d0%bd%d0%b5","status":"publish","type":"page","link":"https:\/\/aquabar.com.mk\/sq\/%d0%ba%d0%be%d0%bd%d1%82%d0%b0%d0%ba%d1%82%d0%b8%d1%80%d0%b0%d1%98-%d0%bd%d0%b5\/","title":{"rendered":"Na kontaktoni"},"content":{"rendered":"<section data-vc-full-width=\"true\" data-vc-full-width-init=\"false\" class=\"vc_section\"><div class=\"vc_row wpb_row vc_row-fluid vc_row-o-content-top vc_row-flex\"><div class=\"wpb_column vc_column_container vc_col-sm-12 vc_col-lg-4 vc_col-md-6\"><div class=\"vc_column-inner\"><div class=\"wpb_wrapper\"><div class=\"heading  transform-header-up   vc_custom_1652432943278\" id=\"like_sc_header_82812476\"><h4 class=\"header\">Rreth nesh<\/h4><\/div>\n\t<div class=\"wpb_text_column wpb_content_element\" >\n\t\t<div class=\"wpb_wrapper\">\n\t\t\t<div class=\"ltx-content-width col-align-default\">\n<div class=\"wpb_text_column wpb_content_element\">\n<div class=\"wpb_wrapper\">\n<p style=\"text-align: justify;\" class=\"translation-block\">Kompania AQUA BAR me seli ne Ul. Blagoja Stefkovski nr. 40 Shkup, \u00ebsht\u00eb themeluar n\u00eb vitin 2006. AQUA BAR \u00ebsht\u00eb agjent dhe distributor ekskluziv p\u00ebr Maqedonin\u00eb i dispenzuesve dhe gallonave t\u00eb ujit (19 litra dhe 10 litra) dhe i ujit t\u00eb gazuar dhe t\u00eb gazuar n\u00eb shishe, q\u00eb \u00ebsht\u00eb edhe aktiviteti i saj kryesor. Aqua bar \u00ebsht\u00eb nj\u00eb kompani e suksesshme n\u00eb Maqedoni e udh\u00ebhequr nga staf t\u00eb arsimuar dhe shpik\u00ebs me vizion t\u00eb qart\u00eb p\u00ebr t\u00eb ardhmen. Suksesi i kompanis\u00eb son\u00eb \u00ebsht\u00eb p\u00ebr shkak t\u00eb monitorimit aktiv, ndjekjes s\u00eb tendencave t\u00eb reja t\u00eb marketingut, zgjidhjeve t\u00eb reja teknologjike, inovacionit dhe edukimit t\u00eb vazhduesh\u00ebm t\u00eb punonj\u00ebsve. Veprimtarit\u00eb e nd\u00ebrlidhura me t\u00eb cilat ai merret jan\u00eb:<br><\/p>\n<\/div>\n<\/div>\n<\/div>\n\n\t\t<\/div>\n\t<\/div>\n<div class=\"heading  color-black transform-header-up   vc_custom_1654685598878\" id=\"like_sc_header_689175263\"><h6 class=\"header\">Rrjete sociale<\/h6><\/div><div class=\"align-default icon-style-head-subheader\"><ul class=\"social-big icon-style-head-subheader icon-weight-bold\" id=\"like_sc_header_592537586\"><li><a href=\"https:\/\/www.facebook.com\/Aqua-Bar-509325025779542\" class=\"fab fa-facebook\"><\/a><\/li><li><a href=\"https:\/\/www.linkedin.com\/in\/aqua-bar-236513242\/\" class=\"fab fa-linkedin\"><\/a><\/li><li><a href=\"https:\/\/www.youtube.com\/channel\/UC6qmOVcZNb5grJvaNcBtr6Q\" class=\"fab fa-youtube\"><\/a><\/li><li><a href=\"https:\/\/www.instagram.com\/aquabar.skopje\/\" class=\"fab fa-instagram\"><\/a><\/li><\/ul><\/div><\/div><\/div><\/div><div class=\"wpb_column vc_column_container vc_col-sm-12 vc_col-lg-4 vc_col-md-6 vc_col-has-fill\"><div class=\"vc_column-inner vc_custom_1518819610829\"><div class=\"wpb_wrapper\">\n\t<div class=\"wpb_text_column wpb_content_element\" >\n\t\t<div class=\"wpb_wrapper\">\n\t\t\t<h4 style=\"text-align: center;\"><strong>Kontaktoni<\/strong><\/h4>\n<p style=\"text-align: center;\"><a href=\"tel:\">+389 71-333-858<\/a><\/p>\n<p style=\"text-align: center;\"><a href=\"tel:\">+389 (0)2 2533-088<\/a><\/p>\n<p style=\"text-align: center;\"><a href=\"mailto:info@aquabar.com.mk\">info@aquabar.com.mk<\/a><\/p>\n<p style=\"text-align: center;\">St. Blagoja Stefkovski no.40, 1000, Skopje Macedonia<\/p>\n<p>&nbsp;<\/p>\n<p>&nbsp;<\/p>\n<h4 style=\"text-align: center;\"><strong> \u00a0 \u00a0 \u00a0 Koha e punes<\/strong><\/h4>\n<p>&nbsp;<\/p>\n<p style=\"text-align: center;\"><strong>\u0415 h\u00ebn\u00eb<\/strong> 8:00-16:00<\/p>\n<p style=\"text-align: center;\"><strong>\u0415 mart\u00eb<\/strong> 8:00-16:00<\/p>\n<p style=\"text-align: center;\"><strong>\u0415 m\u00ebrkur\u00eb<\/strong> 8:00-16:00<\/p>\n<p style=\"text-align: center;\"><strong>\u0415 enjte<\/strong> 8:00-16:00<\/p>\n<p style=\"text-align: center;\"><strong>\u0415 premte<\/strong> 8:00-16:00<\/p>\n<p style=\"text-align: center;\"><strong>\u0415 shtun\u00eb<\/strong> Sh\u00ebrbimi i detyr\u00ebs<\/p>\n<p style=\"text-align: center;\"><strong>\u0422\u00eb diel\u00ebn<\/strong> MBYLLUR<\/p>\n\n\t\t<\/div>\n\t<\/div>\n<div class=\"es-resp\">\t<div class=\"visible-xl\" style=\"height: 28px;\"><\/div>\t<div class=\"hidden-xl hidden-sm hidden-md hidden-ms hidden-xs\" style=\"height: 28px;\"><\/div>\t<div class=\"hidden-xl hidden-lg hidden-sm hidden-ms hidden-xs\" style=\"height: 28px;\"><\/div>\t<div class=\"hidden-xl hidden-lg hidden-md hidden-ms hidden-xs\" style=\"height: 28px;\"><\/div>\t<div class=\"visible-ms\" style=\"height: 28px;\"><\/div>\t<div class=\"visible-xs\" style=\"height: 28px;\"><\/div><\/div><\/div><\/div><\/div><div class=\"wpb_column vc_column_container vc_col-sm-12 vc_col-lg-4 vc_col-md-12\"><div class=\"vc_column-inner\"><div class=\"wpb_wrapper\">\n<div class=\"wpcf7 no-js\" id=\"wpcf7-f3812-o1\" lang=\"mk-MK\" dir=\"ltr\" data-wpcf7-id=\"3812\">\n<div class=\"screen-reader-response\"><p role=\"status\" aria-live=\"polite\" aria-atomic=\"true\"><\/p> <ul><\/ul><\/div>\n<form action=\"\/sq\/wp-json\/wp\/v2\/pages\/25#wpcf7-f3812-o1\" method=\"post\" class=\"wpcf7-form init\" aria-label=\"Contact form\" novalidate=\"novalidate\" data-status=\"init\" data-trp-original-action=\"\/sq\/wp-json\/wp\/v2\/pages\/25#wpcf7-f3812-o1\">\n<fieldset class=\"hidden-fields-container\"><input type=\"hidden\" name=\"_wpcf7\" value=\"3812\" \/><input type=\"hidden\" name=\"_wpcf7_version\" value=\"6.1.5\" \/><input type=\"hidden\" name=\"_wpcf7_locale\" value=\"mk_MK\" \/><input type=\"hidden\" name=\"_wpcf7_unit_tag\" value=\"wpcf7-f3812-o1\" \/><input type=\"hidden\" name=\"_wpcf7_container_post\" value=\"0\" \/><input type=\"hidden\" name=\"_wpcf7_posted_data_hash\" value=\"\" \/>\n<\/fieldset>\n<p><label> Emri dhe mbiemri<br \/>\n<span class=\"wpcf7-form-control-wrap\" data-name=\"your-name\"><input size=\"40\" maxlength=\"400\" class=\"wpcf7-form-control wpcf7-text wpcf7-validates-as-required\" aria-required=\"true\" aria-invalid=\"false\" value=\"\" type=\"text\" name=\"your-name\" \/><\/span> <\/label>\n<\/p>\n<p><label> E-mail<br \/>\n<span class=\"wpcf7-form-control-wrap\" data-name=\"your-email\"><input size=\"40\" maxlength=\"400\" class=\"wpcf7-form-control wpcf7-email wpcf7-validates-as-required wpcf7-text wpcf7-validates-as-email\" aria-required=\"true\" aria-invalid=\"false\" value=\"\" type=\"email\" name=\"your-email\" \/><\/span> <\/label>\n<\/p>\n<p><label> Num\u00ebr telefoni<br \/>\n<span class=\"wpcf7-form-control-wrap\" data-name=\"your-phone-number\"><input size=\"40\" maxlength=\"400\" class=\"wpcf7-form-control wpcf7-tel wpcf7-validates-as-required wpcf7-text wpcf7-validates-as-tel\" aria-required=\"true\" aria-invalid=\"false\" value=\"\" type=\"tel\" name=\"your-phone-number\" \/><\/span> <\/label>\n<\/p>\n<p><label> Mesazh<br \/>\n<span class=\"wpcf7-form-control-wrap\" data-name=\"textarea-235\"><input size=\"40\" maxlength=\"400\" class=\"wpcf7-form-control wpcf7-text wpcf7-validates-as-required\" aria-required=\"true\" aria-invalid=\"false\" value=\"\" type=\"text\" name=\"textarea-235\" \/><\/span> <\/label>\n<\/p>\n<p><input class=\"wpcf7-form-control wpcf7-submit has-spinner\" type=\"submit\" value=\"D\u00ebrgo\" \/>\n<\/p><div class=\"wpcf7-response-output\" aria-hidden=\"true\"><\/div>\n<input type=\"hidden\" name=\"trp-form-language\" value=\"sq\"\/><\/form>\n<\/div>\n<div class=\"es-resp\">\t<div class=\"visible-xl\" style=\"height: 0px;\"><\/div>\t<div class=\"hidden-xl hidden-sm hidden-md hidden-ms hidden-xs\" style=\"height: 0px;\"><\/div>\t<div class=\"hidden-xl hidden-lg hidden-sm hidden-ms hidden-xs\" style=\"height: 0px;\"><\/div>\t<div class=\"hidden-xl hidden-lg hidden-md hidden-ms hidden-xs\" style=\"height: 32px;\"><\/div>\t<div class=\"visible-ms\" style=\"height: 32px;\"><\/div>\t<div class=\"visible-xs\" style=\"height: 32px;\"><\/div><\/div><\/div><\/div><\/div><\/div><\/section><div class=\"vc_row-full-width vc_clearfix\"><\/div><div data-vc-full-width=\"true\" data-vc-full-width-init=\"false\" data-vc-stretch-content=\"true\" class=\"vc_row wpb_row vc_row-fluid vc_row-no-padding\"><div class=\"wpb_column vc_column_container vc_col-sm-12\"><div class=\"vc_column-inner\"><div class=\"wpb_wrapper\"><div class=\"wpb_gmaps_widget wpb_content_element\"><div class=\"wpb_wrapper\"><div class=\"wpb_map_wraper\"><iframe src=\"https:\/\/www.google.com\/maps\/embed?pb=!1m18!1m12!1m3!1d2965.0562952618334!2d21.485952015669813!3d41.999067365813865!2m3!1f0!2f0!3f0!3m2!1i1024!2i768!4f13.1!3m3!1m2!1s0x13543f396a598e4d%3A0x9f6b00ec4d0f90be!2sAqua%20Bar%20-%20GORSKA%20VODA!5e0!3m2!1smk!2smk!4v1654773397085!5m2!1smk!2smk\" width=\"600\" height=\"450\" style=\"border:0;\" allowfullscreen=\"\" loading=\"lazy\" referrerpolicy=\"no-referrer-when-downgrade\"><\/iframe><\/div><\/div><\/div><\/div><\/div><\/div><\/div><div class=\"vc_row-full-width vc_clearfix\"><\/div>","protected":false},"excerpt":{"rendered":"\u0417\u0430 \u041d\u0430\u0441 \u041a\u043e\u043c\u043f\u0430\u043d\u0438\u0458\u0430\u0442\u0430 \u0410\u041a\u0412\u0410 \u0411\u0410\u0420 , \u0441\u043e \u0441\u0435\u0434\u0438\u0448\u0442\u0435 \u043d\u0430 \u0423\u043b. \u0411\u043b\u0430\u0433\u043e\u0458\u0430\u00a0 \u0421\u0442\u0435\u0444\u043a\u043e\u0432\u0441\u043a\u0438 \u0431\u0440. 40 \u0421\u043a\u043e\u043f\u0458\u0435, \u0435 \u0444\u043e\u0440\u043c\u0438\u0440\u0430\u043d\u0430 \u0432\u043e 2006 \u0433\u043e\u0434\u0438\u043d\u0430. \u0410\u041a\u0412\u0410 \u0411\u0410\u0420 \u0435 \u0437\u0430\u0441\u0442\u0430\u043f\u043d\u0438\u043a \u0438 \u0435\u043a\u0441\u043a\u043b\u0443\u0437\u0438\u0432\u0435\u043d \u0434\u0438\u0441\u0442\u0440\u0438\u0431\u0443\u0442\u0435\u0440 \u0437\u0430 \u041c\u0430\u043a\u0435\u0434\u043e\u043d\u0438\u0458\u0430 \u043d\u0430 \u0434\u0438\u043d\u0441\u043f\u0430\u043d\u0437\u0435\u0440\u0438 \u0437\u0430 \u0432\u043e\u0434\u0430 \u0438 \u0433\u0430\u043b\u043e\u043d\u0438 \u0437\u0430 \u0432\u043e\u0434\u0430 (19 \u043b\u0438\u0442\u0440\u0438 \u0438 10 \u043b\u0438\u0442\u0440\u0438) \u0438 \u043d\u0430 \u0444\u043b\u0430\u0448\u0438\u0440\u0430\u043d\u0430 \u043d\u0435\u0433\u0430\u0437\u0438\u0440\u0430\u043d\u0430 \u0438 \u0433\u0430\u0437\u0438\u0440\u0430\u043d\u0430 \u0432\u043e\u0434\u0430 , \u043a\u043e\u0458\u0430 \u0435 \u0438 \u043d\u0435\u0458\u0437\u0438\u043d\u0430 \u0433\u043b\u0430\u0432\u043d\u0430 [...]","protected":false},"author":1,"featured_media":0,"parent":0,"menu_order":0,"comment_status":"closed","ping_status":"closed","template":"","meta":{"footnotes":""},"class_list":["post-25","page","type-page","status-publish","hentry"],"acf":[],"aioseo_notices":[],"yoast_head":"<!-- This site is optimized with the Yoast SEO Premium plugin v18.2.1 (Yoast SEO v19.2) - https:\/\/yoast.com\/wordpress\/plugins\/seo\/ -->\n<title>\u041a\u043e\u043d\u0442\u0430\u043a\u0442\u0438\u0440\u0430\u0458 \u043d\u0435 - Aqua Bar<\/title>\n<meta name=\"description\" content=\"\u041a\u043e\u043c\u043f\u0430\u043d\u0438\u0458\u0430\u0442\u0430 \u0410\u043a\u0432\u0430 \u0411\u0430\u0440, \u043c\u043e\u0436\u0435 \u0434\u0430 \u0458\u0430 \u043a\u043e\u043d\u0442\u0430\u043a\u0442\u0438\u0440\u0430\u0442\u0435 \u043d\u0430 \u0442\u0435\u043b\u0435\u0444\u043e\u043d\u0441\u043a\u0438\u0442\u0435 \u0431\u0440\u043e\u0435\u0432\u0438 +389 71-333-858 \u0438 +389 (0)2 2533-088 \u0438 \u043d\u0430 \u0435\u043c\u0430\u0438\u043b info@aquabar.com\" \/>\n<meta name=\"robots\" content=\"index, follow, max-snippet:-1, max-image-preview:large, max-video-preview:-1\" \/>\n<link rel=\"canonical\" href=\"https:\/\/aquabar.com.mk\/sq\/\u043a\u043e\u043d\u0442\u0430\u043a\u0442\u0438\u0440\u0430\u0458-\u043d\u0435\/\" \/>\n<meta property=\"og:locale\" content=\"sq_AL\" \/>\n<meta property=\"og:type\" content=\"article\" \/>\n<meta property=\"og:title\" content=\"\u041a\u043e\u043d\u0442\u0430\u043a\u0442\u0438\u0440\u0430\u0458 \u043d\u0435\" \/>\n<meta property=\"og:description\" content=\"\u041a\u043e\u043c\u043f\u0430\u043d\u0438\u0458\u0430\u0442\u0430 \u0410\u043a\u0432\u0430 \u0411\u0430\u0440, \u043c\u043e\u0436\u0435 \u0434\u0430 \u0458\u0430 \u043a\u043e\u043d\u0442\u0430\u043a\u0442\u0438\u0440\u0430\u0442\u0435 \u043d\u0430 \u0442\u0435\u043b\u0435\u0444\u043e\u043d\u0441\u043a\u0438\u0442\u0435 \u0431\u0440\u043e\u0435\u0432\u0438 +389 71-333-858 \u0438 +389 (0)2 2533-088 \u0438 \u043d\u0430 \u0435\u043c\u0430\u0438\u043b info@aquabar.com\" \/>\n<meta property=\"og:url\" content=\"https:\/\/aquabar.com.mk\/sq\/\u043a\u043e\u043d\u0442\u0430\u043a\u0442\u0438\u0440\u0430\u0458-\u043d\u0435\/\" \/>\n<meta property=\"og:site_name\" content=\"Aqua Bar\" \/>\n<meta property=\"article:publisher\" content=\"https:\/\/www.facebook.com\/Aqua-Bar-509325025779542\" \/>\n<meta property=\"article:modified_time\" content=\"2023-12-12T14:44:44+00:00\" \/>\n<meta property=\"og:image\" content=\"https:\/\/aquabar.com.mk\/wp-content\/uploads\/2022\/06\/Untitled-3.png\" \/>\n\t<meta property=\"og:image:width\" content=\"400\" \/>\n\t<meta property=\"og:image:height\" content=\"400\" \/>\n\t<meta property=\"og:image:type\" content=\"image\/png\" \/>\n<meta name=\"author\" content=\"aqua\" \/>\n<meta name=\"twitter:card\" content=\"summary_large_image\" \/>\n<meta name=\"twitter:label1\" content=\"Est. reading time\" \/>\n\t<meta name=\"twitter:data1\" content=\"2 minuta\" \/>\n<script type=\"application\/ld+json\" class=\"yoast-schema-graph\">{\"@context\":\"https:\/\/schema.org\",\"@graph\":[{\"@type\":[\"Organization\",\"Place\"],\"@id\":\"https:\/\/aquabar.com.mk\/#organization\",\"name\":\"AquaBar\",\"url\":\"https:\/\/aquabar.com.mk\/\",\"sameAs\":[\"https:\/\/www.instagram.com\/aquabar.skopje\/\",\"https:\/\/www.linkedin.com\/in\/aqua-bar-236513242\/\",\"https:\/\/www.facebook.com\/Aqua-Bar-509325025779542\"],\"logo\":{\"@id\":\"https:\/\/aquabar.com.mk\/%d0%ba%d0%be%d0%bd%d1%82%d0%b0%d0%ba%d1%82%d0%b8%d1%80%d0%b0%d1%98-%d0%bd%d0%b5\/#local-main-organization-logo\"},\"image\":{\"@id\":\"https:\/\/aquabar.com.mk\/%d0%ba%d0%be%d0%bd%d1%82%d0%b0%d0%ba%d1%82%d0%b8%d1%80%d0%b0%d1%98-%d0%bd%d0%b5\/#local-main-organization-logo\"},\"address\":{\"@id\":\"https:\/\/aquabar.com.mk\/%d0%ba%d0%be%d0%bd%d1%82%d0%b0%d0%ba%d1%82%d0%b8%d1%80%d0%b0%d1%98-%d0%bd%d0%b5\/#local-main-place-address\"},\"openingHoursSpecification\":[{\"@type\":\"OpeningHoursSpecification\",\"dayOfWeek\":[\"Monday\",\"Tuesday\",\"Wednesday\",\"Thursday\",\"Friday\",\"Saturday\"],\"opens\":\"08:00\",\"closes\":\"16:00\"},{\"@type\":\"OpeningHoursSpecification\",\"dayOfWeek\":[\"Sunday\"],\"opens\":\"00:00\",\"closes\":\"00:00\"}]},{\"@type\":\"WebSite\",\"@id\":\"https:\/\/aquabar.com.mk\/#website\",\"url\":\"https:\/\/aquabar.com.mk\/\",\"name\":\"Aqua Bar\",\"description\":\"\",\"publisher\":{\"@id\":\"https:\/\/aquabar.com.mk\/#organization\"},\"potentialAction\":[{\"@type\":\"SearchAction\",\"target\":{\"@type\":\"EntryPoint\",\"urlTemplate\":\"https:\/\/aquabar.com.mk\/?s={search_term_string}\"},\"query-input\":\"required name=search_term_string\"}],\"inLanguage\":\"sq\"},{\"@type\":\"WebPage\",\"@id\":\"https:\/\/aquabar.com.mk\/%d0%ba%d0%be%d0%bd%d1%82%d0%b0%d0%ba%d1%82%d0%b8%d1%80%d0%b0%d1%98-%d0%bd%d0%b5\/#webpage\",\"url\":\"https:\/\/aquabar.com.mk\/%d0%ba%d0%be%d0%bd%d1%82%d0%b0%d0%ba%d1%82%d0%b8%d1%80%d0%b0%d1%98-%d0%bd%d0%b5\/\",\"name\":\"\u041a\u043e\u043d\u0442\u0430\u043a\u0442\u0438\u0440\u0430\u0458 \u043d\u0435 - Aqua Bar\",\"isPartOf\":{\"@id\":\"https:\/\/aquabar.com.mk\/#website\"},\"datePublished\":\"2017-05-17T20:05:52+00:00\",\"dateModified\":\"2023-12-12T14:44:44+00:00\",\"description\":\"\u041a\u043e\u043c\u043f\u0430\u043d\u0438\u0458\u0430\u0442\u0430 \u0410\u043a\u0432\u0430 \u0411\u0430\u0440, \u043c\u043e\u0436\u0435 \u0434\u0430 \u0458\u0430 \u043a\u043e\u043d\u0442\u0430\u043a\u0442\u0438\u0440\u0430\u0442\u0435 \u043d\u0430 \u0442\u0435\u043b\u0435\u0444\u043e\u043d\u0441\u043a\u0438\u0442\u0435 \u0431\u0440\u043e\u0435\u0432\u0438 +389 71-333-858 \u0438 +389 (0)2 2533-088 \u0438 \u043d\u0430 \u0435\u043c\u0430\u0438\u043b info@aquabar.com\",\"breadcrumb\":{\"@id\":\"https:\/\/aquabar.com.mk\/%d0%ba%d0%be%d0%bd%d1%82%d0%b0%d0%ba%d1%82%d0%b8%d1%80%d0%b0%d1%98-%d0%bd%d0%b5\/#breadcrumb\"},\"inLanguage\":\"sq\",\"potentialAction\":[{\"@type\":\"ReadAction\",\"target\":[\"https:\/\/aquabar.com.mk\/%d0%ba%d0%be%d0%bd%d1%82%d0%b0%d0%ba%d1%82%d0%b8%d1%80%d0%b0%d1%98-%d0%bd%d0%b5\/\"]}]},{\"@type\":\"BreadcrumbList\",\"@id\":\"https:\/\/aquabar.com.mk\/%d0%ba%d0%be%d0%bd%d1%82%d0%b0%d0%ba%d1%82%d0%b8%d1%80%d0%b0%d1%98-%d0%bd%d0%b5\/#breadcrumb\",\"itemListElement\":[{\"@type\":\"ListItem\",\"position\":1,\"name\":\"Home\",\"item\":\"https:\/\/aquabar.com.mk\/\"},{\"@type\":\"ListItem\",\"position\":2,\"name\":\"\u041a\u043e\u043d\u0442\u0430\u043a\u0442\u0438\u0440\u0430\u0458 \u043d\u0435\"}]},{\"@type\":\"PostalAddress\",\"@id\":\"https:\/\/aquabar.com.mk\/%d0%ba%d0%be%d0%bd%d1%82%d0%b0%d0%ba%d1%82%d0%b8%d1%80%d0%b0%d1%98-%d0%bd%d0%b5\/#local-main-place-address\",\"streetAddress\":\"\u0423\u043b. \u0411\u043b\u0430\u0433\u043e\u0458\u0430 \u0421\u0442\u0435\u0444\u043a\u043e\u0432\u0441\u043a\u0438 \u0431\u0440.40\",\"addressLocality\":\"Skopje\",\"postalCode\":\"1000\",\"addressCountry\":\"MK\"},{\"@type\":\"ImageObject\",\"inLanguage\":\"sq\",\"@id\":\"https:\/\/aquabar.com.mk\/%d0%ba%d0%be%d0%bd%d1%82%d0%b0%d0%ba%d1%82%d0%b8%d1%80%d0%b0%d1%98-%d0%bd%d0%b5\/#local-main-organization-logo\",\"url\":\"https:\/\/aquabar.com.mk\/wp-content\/uploads\/2022\/06\/Untitled-3.png\",\"contentUrl\":\"https:\/\/aquabar.com.mk\/wp-content\/uploads\/2022\/06\/Untitled-3.png\",\"width\":400,\"height\":400,\"caption\":\"AquaBar\"}]}<\/script>\n<meta name=\"geo.placename\" content=\"Skopje\" \/>\n<meta name=\"geo.region\" content=\"Macedonia\" \/>\n<!-- \/ Yoast SEO Premium plugin. -->","yoast_head_json":{"title":"\u041a\u043e\u043d\u0442\u0430\u043a\u0442\u0438\u0440\u0430\u0458 \u043d\u0435 - Aqua Bar","description":"\u041a\u043e\u043c\u043f\u0430\u043d\u0438\u0458\u0430\u0442\u0430 \u0410\u043a\u0432\u0430 \u0411\u0430\u0440, \u043c\u043e\u0436\u0435 \u0434\u0430 \u0458\u0430 \u043a\u043e\u043d\u0442\u0430\u043a\u0442\u0438\u0440\u0430\u0442\u0435 \u043d\u0430 \u0442\u0435\u043b\u0435\u0444\u043e\u043d\u0441\u043a\u0438\u0442\u0435 \u0431\u0440\u043e\u0435\u0432\u0438 +389 71-333-858 \u0438 +389 (0)2 2533-088 \u0438 \u043d\u0430 \u0435\u043c\u0430\u0438\u043b info@aquabar.com","robots":{"index":"index","follow":"follow","max-snippet":"max-snippet:-1","max-image-preview":"max-image-preview:large","max-video-preview":"max-video-preview:-1"},"canonical":"https:\/\/aquabar.com.mk\/sq\/\u043a\u043e\u043d\u0442\u0430\u043a\u0442\u0438\u0440\u0430\u0458-\u043d\u0435\/","og_locale":"sq_AL","og_type":"article","og_title":"\u041a\u043e\u043d\u0442\u0430\u043a\u0442\u0438\u0440\u0430\u0458 \u043d\u0435","og_description":"\u041a\u043e\u043c\u043f\u0430\u043d\u0438\u0458\u0430\u0442\u0430 \u0410\u043a\u0432\u0430 \u0411\u0430\u0440, \u043c\u043e\u0436\u0435 \u0434\u0430 \u0458\u0430 \u043a\u043e\u043d\u0442\u0430\u043a\u0442\u0438\u0440\u0430\u0442\u0435 \u043d\u0430 \u0442\u0435\u043b\u0435\u0444\u043e\u043d\u0441\u043a\u0438\u0442\u0435 \u0431\u0440\u043e\u0435\u0432\u0438 +389 71-333-858 \u0438 +389 (0)2 2533-088 \u0438 \u043d\u0430 \u0435\u043c\u0430\u0438\u043b info@aquabar.com","og_url":"https:\/\/aquabar.com.mk\/sq\/\u043a\u043e\u043d\u0442\u0430\u043a\u0442\u0438\u0440\u0430\u0458-\u043d\u0435\/","og_site_name":"Aqua Bar","article_publisher":"https:\/\/www.facebook.com\/Aqua-Bar-509325025779542","article_modified_time":"2023-12-12T14:44:44+00:00","og_image":[{"width":400,"height":400,"url":"https:\/\/aquabar.com.mk\/wp-content\/uploads\/2022\/06\/Untitled-3.png","type":"image\/png"}],"author":"aqua","twitter_card":"summary_large_image","twitter_misc":{"Est. reading time":"2 minuta"},"schema":{"@context":"https:\/\/schema.org","@graph":[{"@type":["Organization","Place"],"@id":"https:\/\/aquabar.com.mk\/#organization","name":"AquaBar","url":"https:\/\/aquabar.com.mk\/","sameAs":["https:\/\/www.instagram.com\/aquabar.skopje\/","https:\/\/www.linkedin.com\/in\/aqua-bar-236513242\/","https:\/\/www.facebook.com\/Aqua-Bar-509325025779542"],"logo":{"@id":"https:\/\/aquabar.com.mk\/%d0%ba%d0%be%d0%bd%d1%82%d0%b0%d0%ba%d1%82%d0%b8%d1%80%d0%b0%d1%98-%d0%bd%d0%b5\/#local-main-organization-logo"},"image":{"@id":"https:\/\/aquabar.com.mk\/%d0%ba%d0%be%d0%bd%d1%82%d0%b0%d0%ba%d1%82%d0%b8%d1%80%d0%b0%d1%98-%d0%bd%d0%b5\/#local-main-organization-logo"},"address":{"@id":"https:\/\/aquabar.com.mk\/%d0%ba%d0%be%d0%bd%d1%82%d0%b0%d0%ba%d1%82%d0%b8%d1%80%d0%b0%d1%98-%d0%bd%d0%b5\/#local-main-place-address"},"openingHoursSpecification":[{"@type":"OpeningHoursSpecification","dayOfWeek":["Monday","Tuesday","Wednesday","Thursday","Friday","Saturday"],"opens":"08:00","closes":"16:00"},{"@type":"OpeningHoursSpecification","dayOfWeek":["Sunday"],"opens":"00:00","closes":"00:00"}]},{"@type":"WebSite","@id":"https:\/\/aquabar.com.mk\/#website","url":"https:\/\/aquabar.com.mk\/","name":"Aqua Bar","description":"","publisher":{"@id":"https:\/\/aquabar.com.mk\/#organization"},"potentialAction":[{"@type":"SearchAction","target":{"@type":"EntryPoint","urlTemplate":"https:\/\/aquabar.com.mk\/?s={search_term_string}"},"query-input":"required name=search_term_string"}],"inLanguage":"sq"},{"@type":"WebPage","@id":"https:\/\/aquabar.com.mk\/%d0%ba%d0%be%d0%bd%d1%82%d0%b0%d0%ba%d1%82%d0%b8%d1%80%d0%b0%d1%98-%d0%bd%d0%b5\/#webpage","url":"https:\/\/aquabar.com.mk\/%d0%ba%d0%be%d0%bd%d1%82%d0%b0%d0%ba%d1%82%d0%b8%d1%80%d0%b0%d1%98-%d0%bd%d0%b5\/","name":"\u041a\u043e\u043d\u0442\u0430\u043a\u0442\u0438\u0440\u0430\u0458 \u043d\u0435 - Aqua Bar","isPartOf":{"@id":"https:\/\/aquabar.com.mk\/#website"},"datePublished":"2017-05-17T20:05:52+00:00","dateModified":"2023-12-12T14:44:44+00:00","description":"\u041a\u043e\u043c\u043f\u0430\u043d\u0438\u0458\u0430\u0442\u0430 \u0410\u043a\u0432\u0430 \u0411\u0430\u0440, \u043c\u043e\u0436\u0435 \u0434\u0430 \u0458\u0430 \u043a\u043e\u043d\u0442\u0430\u043a\u0442\u0438\u0440\u0430\u0442\u0435 \u043d\u0430 \u0442\u0435\u043b\u0435\u0444\u043e\u043d\u0441\u043a\u0438\u0442\u0435 \u0431\u0440\u043e\u0435\u0432\u0438 +389 71-333-858 \u0438 +389 (0)2 2533-088 \u0438 \u043d\u0430 \u0435\u043c\u0430\u0438\u043b info@aquabar.com","breadcrumb":{"@id":"https:\/\/aquabar.com.mk\/%d0%ba%d0%be%d0%bd%d1%82%d0%b0%d0%ba%d1%82%d0%b8%d1%80%d0%b0%d1%98-%d0%bd%d0%b5\/#breadcrumb"},"inLanguage":"sq","potentialAction":[{"@type":"ReadAction","target":["https:\/\/aquabar.com.mk\/%d0%ba%d0%be%d0%bd%d1%82%d0%b0%d0%ba%d1%82%d0%b8%d1%80%d0%b0%d1%98-%d0%bd%d0%b5\/"]}]},{"@type":"BreadcrumbList","@id":"https:\/\/aquabar.com.mk\/%d0%ba%d0%be%d0%bd%d1%82%d0%b0%d0%ba%d1%82%d0%b8%d1%80%d0%b0%d1%98-%d0%bd%d0%b5\/#breadcrumb","itemListElement":[{"@type":"ListItem","position":1,"name":"Home","item":"https:\/\/aquabar.com.mk\/"},{"@type":"ListItem","position":2,"name":"\u041a\u043e\u043d\u0442\u0430\u043a\u0442\u0438\u0440\u0430\u0458 \u043d\u0435"}]},{"@type":"PostalAddress","@id":"https:\/\/aquabar.com.mk\/%d0%ba%d0%be%d0%bd%d1%82%d0%b0%d0%ba%d1%82%d0%b8%d1%80%d0%b0%d1%98-%d0%bd%d0%b5\/#local-main-place-address","streetAddress":"\u0423\u043b. \u0411\u043b\u0430\u0433\u043e\u0458\u0430 \u0421\u0442\u0435\u0444\u043a\u043e\u0432\u0441\u043a\u0438 \u0431\u0440.40","addressLocality":"Skopje","postalCode":"1000","addressCountry":"MK"},{"@type":"ImageObject","inLanguage":"sq","@id":"https:\/\/aquabar.com.mk\/%d0%ba%d0%be%d0%bd%d1%82%d0%b0%d0%ba%d1%82%d0%b8%d1%80%d0%b0%d1%98-%d0%bd%d0%b5\/#local-main-organization-logo","url":"https:\/\/aquabar.com.mk\/wp-content\/uploads\/2022\/06\/Untitled-3.png","contentUrl":"https:\/\/aquabar.com.mk\/wp-content\/uploads\/2022\/06\/Untitled-3.png","width":400,"height":400,"caption":"AquaBar"}]},"geo.placename":"Skopje","geo.region":"Macedonia"},"_links":{"self":[{"href":"https:\/\/aquabar.com.mk\/sq\/wp-json\/wp\/v2\/pages\/25","targetHints":{"allow":["GET"]}}],"collection":[{"href":"https:\/\/aquabar.com.mk\/sq\/wp-json\/wp\/v2\/pages"}],"about":[{"href":"https:\/\/aquabar.com.mk\/sq\/wp-json\/wp\/v2\/types\/page"}],"author":[{"embeddable":true,"href":"https:\/\/aquabar.com.mk\/sq\/wp-json\/wp\/v2\/users\/1"}],"replies":[{"embeddable":true,"href":"https:\/\/aquabar.com.mk\/sq\/wp-json\/wp\/v2\/comments?post=25"}],"version-history":[{"count":35,"href":"https:\/\/aquabar.com.mk\/sq\/wp-json\/wp\/v2\/pages\/25\/revisions"}],"predecessor-version":[{"id":5979,"href":"https:\/\/aquabar.com.mk\/sq\/wp-json\/wp\/v2\/pages\/25\/revisions\/5979"}],"wp:attachment":[{"href":"https:\/\/aquabar.com.mk\/sq\/wp-json\/wp\/v2\/media?parent=25"}],"curies":[{"name":"wp","href":"https:\/\/api.w.org\/{rel}","templated":true}]}}